{"id":1159,"date":"2025-03-13T20:56:32","date_gmt":"2025-03-13T20:56:32","guid":{"rendered":"https:\/\/dgvm.ch\/blog\/"},"modified":"2025-03-30T21:24:53","modified_gmt":"2025-03-30T21:24:53","slug":"blog","status":"publish","type":"page","link":"https:\/\/dgvm.ch\/it\/blog\/","title":{"rendered":"Blog"},"content":{"rendered":"\t\t<div data-elementor-type=\"wp-page\" data-elementor-id=\"1159\" class=\"elementor elementor-1159 elementor-116\" data-elementor-post-type=\"page\">\n\t\t\t\t<div class=\"elementor-element elementor-element-228c6ea0 e-flex e-con-boxed e-con e-parent\" data-id=\"228c6ea0\" data-element_type=\"container\" data-e-type=\"container\" data-settings=\"{&quot;background_background&quot;:&quot;classic&quot;}\">\n\t\t\t\t\t<div class=\"e-con-inner\">\n\t\t\t\t<div class=\"elementor-element elementor-element-5960850f elementor-widget elementor-widget-spacer\" data-id=\"5960850f\" data-element_type=\"widget\" data-e-type=\"widget\" data-widget_type=\"spacer.default\">\n\t\t\t\t<div class=\"elementor-widget-container\">\n\t\t\t\t\t\t\t<div class=\"elementor-spacer\">\n\t\t\t<div class=\"elementor-spacer-inner\"><\/div>\n\t\t<\/div>\n\t\t\t\t\t\t<\/div>\n\t\t\t\t<\/div>\n\t\t\t\t<div class=\"elementor-element elementor-element-3cba2a55 elementor-widget elementor-widget-heading\" data-id=\"3cba2a55\" data-element_type=\"widget\" data-e-type=\"widget\" data-widget_type=\"heading.default\">\n\t\t\t\t<div class=\"elementor-widget-container\">\n\t\t\t\t\t<h2 class=\"elementor-heading-title elementor-size-default\">Blog<\/h2>\t\t\t\t<\/div>\n\t\t\t\t<\/div>\n\t\t\t\t<div class=\"elementor-element elementor-element-504934ab elementor-widget elementor-widget-spacer\" data-id=\"504934ab\" data-element_type=\"widget\" data-e-type=\"widget\" data-widget_type=\"spacer.default\">\n\t\t\t\t<div class=\"elementor-widget-container\">\n\t\t\t\t\t\t\t<div class=\"elementor-spacer\">\n\t\t\t<div class=\"elementor-spacer-inner\"><\/div>\n\t\t<\/div>\n\t\t\t\t\t\t<\/div>\n\t\t\t\t<\/div>\n\t\t\t\t\t<\/div>\n\t\t\t\t<\/div>\n\t\t<div class=\"elementor-element elementor-element-62529ade e-flex e-con-boxed e-con e-parent\" data-id=\"62529ade\" data-element_type=\"container\" data-e-type=\"container\">\n\t\t\t\t\t<div class=\"e-con-inner\">\n\t\t\t\t<div class=\"elementor-element elementor-element-2fc45aec elementor-widget elementor-widget-heading\" data-id=\"2fc45aec\" data-element_type=\"widget\" data-e-type=\"widget\" data-widget_type=\"heading.default\">\n\t\t\t\t<div class=\"elementor-widget-container\">\n\t\t\t\t\t<h2 class=\"elementor-heading-title elementor-size-default\">Novit\u00e0 nella legge svizzera<br>e altro ancora<\/h2>\t\t\t\t<\/div>\n\t\t\t\t<\/div>\n\t\t\t\t\t<\/div>\n\t\t\t\t<\/div>\n\t\t<div class=\"elementor-element elementor-element-3fd892dd e-flex e-con-boxed e-con e-parent\" data-id=\"3fd892dd\" data-element_type=\"container\" data-e-type=\"container\">\n\t\t\t\t\t<div class=\"e-con-inner\">\n\t\t\t\t<div class=\"elementor-element elementor-element-7efa8e0e elementor-grid-2 elementor-grid-tablet-1 elementor-grid-mobile-1 elementor-posts--thumbnail-top elementor-widget elementor-widget-posts\" data-id=\"7efa8e0e\" data-element_type=\"widget\" data-e-type=\"widget\" data-settings=\"{&quot;classic_columns&quot;:&quot;2&quot;,&quot;classic_columns_tablet&quot;:&quot;1&quot;,&quot;pagination_type&quot;:&quot;load_more_infinite_scroll&quot;,&quot;classic_columns_mobile&quot;:&quot;1&quot;,&quot;classic_row_gap&quot;:{&quot;unit&quot;:&quot;px&quot;,&quot;size&quot;:35,&quot;sizes&quot;:[]},&quot;classic_row_gap_tablet&quot;:{&quot;unit&quot;:&quot;px&quot;,&quot;size&quot;:&quot;&quot;,&quot;sizes&quot;:[]},&quot;classic_row_gap_mobile&quot;:{&quot;unit&quot;:&quot;px&quot;,&quot;size&quot;:&quot;&quot;,&quot;sizes&quot;:[]},&quot;load_more_spinner&quot;:{&quot;value&quot;:&quot;fas fa-spinner&quot;,&quot;library&quot;:&quot;fa-solid&quot;}}\" data-widget_type=\"posts.classic\">\n\t\t\t\t<div class=\"elementor-widget-container\">\n\t\t\t\t\t\t\t<div class=\"elementor-posts-container elementor-posts elementor-posts--skin-classic elementor-grid\" role=\"list\">\n\t\t\t\t<article class=\"elementor-post elementor-grid-item post-1338 post type-post status-publish format-standard has-post-thumbnail hentry category-generale\" role=\"listitem\">\n\t\t\t\t<a class=\"elementor-post__thumbnail__link\" href=\"https:\/\/dgvm.ch\/it\/2024\/08\/19\/registrazione-di-una-societa-in-svizzera\/\" tabindex=\"-1\">\n\t\t\t<div class=\"elementor-post__thumbnail\"><img fetchpriority=\"high\" decoding=\"async\" width=\"300\" height=\"240\" src=\"https:\/\/dgvm.ch\/wp-content\/uploads\/2020\/07\/2bb0e378-blog-3-300x240.jpg\" class=\"attachment-medium size-medium wp-image-1564\" alt=\"\" srcset=\"https:\/\/dgvm.ch\/wp-content\/uploads\/2020\/07\/2bb0e378-blog-3-300x240.jpg 300w, https:\/\/dgvm.ch\/wp-content\/uploads\/2020\/07\/2bb0e378-blog-3.jpg 350w\" sizes=\"(max-width: 300px) 100vw, 300px\" \/><\/div>\n\t\t<\/a>\n\t\t\t\t<div class=\"elementor-post__text\">\n\t\t\t\t<h3 class=\"elementor-post__title\">\n\t\t\t<a href=\"https:\/\/dgvm.ch\/it\/2024\/08\/19\/registrazione-di-una-societa-in-svizzera\/\">\n\t\t\t\tRegistrazione di una societ\u00e0 in Svizzera\t\t\t<\/a>\n\t\t<\/h3>\n\t\t\t\t<div class=\"elementor-post__meta-data\">\n\t\t\t\t\t<span class=\"elementor-post-date\">\n\t\t\tAgosto 19, 2024\t\t<\/span>\n\t\t\t\t<span class=\"elementor-post-avatar\">\n\t\t\tNessun commento\t\t<\/span>\n\t\t\t\t<\/div>\n\t\t\t\t<div class=\"elementor-post__excerpt\">\n\t\t\t<p>Scopri le diverse forme societarie disponibili in Svizzera, tra cui le Societ\u00e0 Anonime (SA), le Societ\u00e0 a Responsabilit\u00e0 Limitata (SagL), le societ\u00e0 di persone e<\/p>\n\t\t<\/div>\n\t\t\n\t\t<a class=\"elementor-post__read-more\" href=\"https:\/\/dgvm.ch\/it\/2024\/08\/19\/registrazione-di-una-societa-in-svizzera\/\" aria-label=\"Leggi tutto Registrazione di una societ\u00e0 in Svizzera\" tabindex=\"-1\">\n\t\t\tLeggi di pi\u00f9 \u00bb\t\t<\/a>\n\n\t\t\t\t<\/div>\n\t\t\t\t<\/article>\n\t\t\t\t<article class=\"elementor-post elementor-grid-item post-1205 post type-post status-publish format-standard has-post-thumbnail hentry category-generale tag-ai tag-ai-aziendale tag-ai-generativa tag-ai-nel-business tag-ai-nella-finanza-e-nel-banking tag-ai-nelle-campagne-di-marketing tag-ai-per-piccole-e-medie-imprese-pmi tag-ai-spiegabile tag-algoritmi-predittivi-per-le-previsioni tag-analisi-dei-dati tag-analisi-del-sentimento-usando-nlp-e-machine-learning tag-analisi-delle-tendenze-di-mercato-con-analisi-predittiva tag-analisi-di-dati-non-strutturati-con-machine-learning tag-analisi-in-tempo-reale-per-il-processo-decisionale tag-analisi-predittiva tag-assistenti-virtuali-nelle-operazioni-aziendali tag-automazione tag-automazione-ai tag-automazione-intelligente tag-automazione-robotica-dei-processi-rpa tag-business-intelligence tag-chatbot-ai tag-coinvolgimento-dei-clienti tag-crescita-aziendale tag-cybersecurity tag-data-guard-it tag-data-guard tag-data-science-nelle-applicazioni-aziendali tag-decisioni-basate-sui-dati tag-deep-learning-it tag-deep-learning tag-efficienza-aziendale tag-elaborazione-del-linguaggio-naturale-nlp tag-elaborazione-di-big-data-con-ai tag-esperienza-del-cliente tag-etica-dellai tag-futuro-del-lavoro tag-gestione-del-rischio tag-gestione-intelligente-delle-operazioni-con-automazione tag-governance-dellai-e-considerazioni-etiche tag-innovazione-con-ai tag-innovazione-e-trasformazione-digitale tag-innovazione-guidata-dallai tag-insight-basati-sullai tag-integrazione-del-cloud-computing-con-strumenti-ai tag-integrita-dei-dati tag-intelligenza-artificiale tag-interfacce-di-interazione-uomo-macchina tag-machine-learning tag-machine-learning-it tag-manutenzione-predittiva tag-marketing-personalizzato tag-modelli-di-prezzi-dinamici-con-insight-basati-sullai tag-ottimizzazione-aziendale tag-ottimizzazione-dei-processi tag-ottimizzazione-delle-commerce-con-ai tag-ottimizzazione-della-supply-chain tag-personalizzazione-guidata-dallai tag-pianificazione-della-continuita-aziendale-con-ai tag-pratiche-aziendali-sostenibili tag-processo-decisionale tag-programmi-di-fidelizzazione-dei-clienti-potenziati-dallanalisi-ai tag-protezione-dei-dati tag-raccomandazioni-di-prodotti-personalizzate-con-ai tag-realta-virtuale-e-aumentata-nelle-applicazioni-aziendali tag-replica-dei-dati-in-tempo-reale tag-reti-neurali tag-robotica tag-roi-dallimplementazione-di-soluzioni-di-intelligenza-artificiale tag-sistemi-di-rilevamento-frodi tag-soluzioni-ai tag-soluzioni-di-disaster-recovery-con-data-guard tag-soluzioni-digitali tag-soluzioni-per-la-sicurezza-dei-dati tag-strategia-ai tag-strategie-di-mitigazione-del-rischio-basate-sul-machine-learning tag-strumenti-ai tag-strumenti-di-business-intelligence-per-insight-basati-sui-dati tag-strumenti-di-efficienza-operativa tag-tecnologia-ai tag-tecnologia-chatbot-per-il-supporto-clienti tag-tecnologia-intelligente tag-trasformazione-digitale tag-vantaggio-competitivo-con-strategie-basate-sullai\" role=\"listitem\">\n\t\t\t\t<a class=\"elementor-post__thumbnail__link\" href=\"https:\/\/dgvm.ch\/it\/2024\/11\/09\/il-potere-dellai-nel-business-nel-2024-migliora-le-tue-conoscenze-leggi-ora\/\" tabindex=\"-1\">\n\t\t\t<div class=\"elementor-post__thumbnail\"><img decoding=\"async\" width=\"300\" height=\"200\" src=\"https:\/\/dgvm.ch\/wp-content\/uploads\/2024\/11\/Untitled-4-300x200.jpg\" class=\"attachment-medium size-medium wp-image-1206\" alt=\"\" srcset=\"https:\/\/dgvm.ch\/wp-content\/uploads\/2024\/11\/Untitled-4-300x200.jpg 300w, https:\/\/dgvm.ch\/wp-content\/uploads\/2024\/11\/Untitled-4-1024x684.jpg 1024w, https:\/\/dgvm.ch\/wp-content\/uploads\/2024\/11\/Untitled-4-768x513.jpg 768w, https:\/\/dgvm.ch\/wp-content\/uploads\/2024\/11\/Untitled-4.jpg 1123w\" sizes=\"(max-width: 300px) 100vw, 300px\" \/><\/div>\n\t\t<\/a>\n\t\t\t\t<div class=\"elementor-post__text\">\n\t\t\t\t<h3 class=\"elementor-post__title\">\n\t\t\t<a href=\"https:\/\/dgvm.ch\/it\/2024\/11\/09\/il-potere-dellai-nel-business-nel-2024-migliora-le-tue-conoscenze-leggi-ora\/\">\n\t\t\t\tIl potere dell&#8217;AI nel business nel 2024 Migliora le tue conoscenze &#8211; Leggi ORA\t\t\t<\/a>\n\t\t<\/h3>\n\t\t\t\t<div class=\"elementor-post__meta-data\">\n\t\t\t\t\t<span class=\"elementor-post-date\">\n\t\t\tNovembre 9, 2024\t\t<\/span>\n\t\t\t\t<span class=\"elementor-post-avatar\">\n\t\t\tNessun commento\t\t<\/span>\n\t\t\t\t<\/div>\n\t\t\t\t<div class=\"elementor-post__excerpt\">\n\t\t\t<p>L&#8217;AI nel business pu\u00f2 essere impegnativa, l&#8217;AI \u00e8 su una scrivania in ufficio con una donna sullo sfondo. L&#8217;immagine dovrebbe essere un simbolo dell&#8217;AI nel<\/p>\n\t\t<\/div>\n\t\t\n\t\t<a class=\"elementor-post__read-more\" href=\"https:\/\/dgvm.ch\/it\/2024\/11\/09\/il-potere-dellai-nel-business-nel-2024-migliora-le-tue-conoscenze-leggi-ora\/\" aria-label=\"Leggi tutto Il potere dell&#8217;AI nel business nel 2024 Migliora le tue conoscenze &#8211; Leggi ORA\" tabindex=\"-1\">\n\t\t\tLeggi di pi\u00f9 \u00bb\t\t<\/a>\n\n\t\t\t\t<\/div>\n\t\t\t\t<\/article>\n\t\t\t\t<article class=\"elementor-post elementor-grid-item post-1098 post type-post status-publish format-standard has-post-thumbnail hentry category-gdpr-it category-generale\" role=\"listitem\">\n\t\t\t\t<a class=\"elementor-post__thumbnail__link\" href=\"https:\/\/dgvm.ch\/it\/2024\/12\/15\/navigare-nella-conformita-al-gdpr-una-guida-completa-per-le-aziende\/\" tabindex=\"-1\">\n\t\t\t<div class=\"elementor-post__thumbnail\"><img decoding=\"async\" width=\"300\" height=\"169\" src=\"https:\/\/dgvm.ch\/wp-content\/uploads\/2024\/12\/Yellow-8-Stage-GDPR-Diagram-Infographic-Brainstorm-300x169.jpg\" class=\"attachment-medium size-medium wp-image-1099\" alt=\"\" srcset=\"https:\/\/dgvm.ch\/wp-content\/uploads\/2024\/12\/Yellow-8-Stage-GDPR-Diagram-Infographic-Brainstorm-300x169.jpg 300w, https:\/\/dgvm.ch\/wp-content\/uploads\/2024\/12\/Yellow-8-Stage-GDPR-Diagram-Infographic-Brainstorm-1024x576.jpg 1024w, https:\/\/dgvm.ch\/wp-content\/uploads\/2024\/12\/Yellow-8-Stage-GDPR-Diagram-Infographic-Brainstorm-768x432.jpg 768w, https:\/\/dgvm.ch\/wp-content\/uploads\/2024\/12\/Yellow-8-Stage-GDPR-Diagram-Infographic-Brainstorm-1536x864.jpg 1536w, https:\/\/dgvm.ch\/wp-content\/uploads\/2024\/12\/Yellow-8-Stage-GDPR-Diagram-Infographic-Brainstorm.jpg 1920w\" sizes=\"(max-width: 300px) 100vw, 300px\" \/><\/div>\n\t\t<\/a>\n\t\t\t\t<div class=\"elementor-post__text\">\n\t\t\t\t<h3 class=\"elementor-post__title\">\n\t\t\t<a href=\"https:\/\/dgvm.ch\/it\/2024\/12\/15\/navigare-nella-conformita-al-gdpr-una-guida-completa-per-le-aziende\/\">\n\t\t\t\tNavigare nella conformit\u00e0 al GDPR: Una guida completa per le aziende\t\t\t<\/a>\n\t\t<\/h3>\n\t\t\t\t<div class=\"elementor-post__meta-data\">\n\t\t\t\t\t<span class=\"elementor-post-date\">\n\t\t\tDicembre 15, 2024\t\t<\/span>\n\t\t\t\t<span class=\"elementor-post-avatar\">\n\t\t\tNessun commento\t\t<\/span>\n\t\t\t\t<\/div>\n\t\t\t\t<div class=\"elementor-post__excerpt\">\n\t\t\t<p>il Regolamento Generale sulla Protezione dei Dati (GDPR) ha stabilito un nuovo standard per la protezione dei dati e la privacy in tutto il mondo.<\/p>\n\t\t<\/div>\n\t\t\n\t\t<a class=\"elementor-post__read-more\" href=\"https:\/\/dgvm.ch\/it\/2024\/12\/15\/navigare-nella-conformita-al-gdpr-una-guida-completa-per-le-aziende\/\" aria-label=\"Leggi tutto Navigare nella conformit\u00e0 al GDPR: Una guida completa per le aziende\" tabindex=\"-1\">\n\t\t\tLeggi di pi\u00f9 \u00bb\t\t<\/a>\n\n\t\t\t\t<\/div>\n\t\t\t\t<\/article>\n\t\t\t\t<\/div>\n\t\t\t\t\t<span class=\"e-load-more-spinner\">\n\t\t\t\t<svg aria-hidden=\"true\" class=\"e-font-icon-svg e-fas-spinner\" viewBox=\"0 0 512 512\" xmlns=\"http:\/\/www.w3.org\/2000\/svg\"><path d=\"M304 48c0 26.51-21.49 48-48 48s-48-21.49-48-48 21.49-48 48-48 48 21.49 48 48zm-48 368c-26.51 0-48 21.49-48 48s21.49 48 48 48 48-21.49 48-48-21.49-48-48-48zm208-208c-26.51 0-48 21.49-48 48s21.49 48 48 48 48-21.49 48-48-21.49-48-48-48zM96 256c0-26.51-21.49-48-48-48S0 229.49 0 256s21.49 48 48 48 48-21.49 48-48zm12.922 99.078c-26.51 0-48 21.49-48 48s21.49 48 48 48 48-21.49 48-48c0-26.509-21.491-48-48-48zm294.156 0c-26.51 0-48 21.49-48 48s21.49 48 48 48 48-21.49 48-48c0-26.509-21.49-48-48-48zM108.922 60.922c-26.51 0-48 21.49-48 48s21.49 48 48 48 48-21.49 48-48-21.491-48-48-48z\"><\/path><\/svg>\t\t\t<\/span>\n\t\t\n\t\t\t\t\t\t<\/div>\n\t\t\t\t<\/div>\n\t\t\t\t\t<\/div>\n\t\t\t\t<\/div>\n\t\t<div class=\"elementor-element elementor-element-2697d127 e-flex e-con-boxed e-con e-parent\" data-id=\"2697d127\" data-element_type=\"container\" data-e-type=\"container\">\n\t\t\t\t\t<div class=\"e-con-inner\">\n\t\t\t\t<div class=\"elementor-element elementor-element-2b880c2f elementor-widget-divider--view-line elementor-widget elementor-widget-divider\" data-id=\"2b880c2f\" data-element_type=\"widget\" data-e-type=\"widget\" data-widget_type=\"divider.default\">\n\t\t\t\t<div class=\"elementor-widget-container\">\n\t\t\t\t\t\t\t<div class=\"elementor-divider\">\n\t\t\t<span class=\"elementor-divider-separator\">\n\t\t\t\t\t\t<\/span>\n\t\t<\/div>\n\t\t\t\t\t\t<\/div>\n\t\t\t\t<\/div>\n\t\t\t\t\t<\/div>\n\t\t\t\t<\/div>\n\t\t\t\t<\/div>\n\t\t","protected":false},"excerpt":{"rendered":"<p>Blog Novit\u00e0 nella legge svizzerae altro ancora<\/p>\n","protected":false},"author":1,"featured_media":0,"parent":0,"menu_order":0,"comment_status":"closed","ping_status":"closed","template":"","meta":{"footnotes":""},"class_list":["post-1159","page","type-page","status-publish","hentry"],"_links":{"self":[{"href":"https:\/\/dgvm.ch\/it\/wp-json\/wp\/v2\/pages\/1159","targetHints":{"allow":["GET"]}}],"collection":[{"href":"https:\/\/dgvm.ch\/it\/wp-json\/wp\/v2\/pages"}],"about":[{"href":"https:\/\/dgvm.ch\/it\/wp-json\/wp\/v2\/types\/page"}],"author":[{"embeddable":true,"href":"https:\/\/dgvm.ch\/it\/wp-json\/wp\/v2\/users\/1"}],"replies":[{"embeddable":true,"href":"https:\/\/dgvm.ch\/it\/wp-json\/wp\/v2\/comments?post=1159"}],"version-history":[{"count":1,"href":"https:\/\/dgvm.ch\/it\/wp-json\/wp\/v2\/pages\/1159\/revisions"}],"predecessor-version":[{"id":1160,"href":"https:\/\/dgvm.ch\/it\/wp-json\/wp\/v2\/pages\/1159\/revisions\/1160"}],"wp:attachment":[{"href":"https:\/\/dgvm.ch\/it\/wp-json\/wp\/v2\/media?parent=1159"}],"curies":[{"name":"wp","href":"https:\/\/api.w.org\/{rel}","templated":true}]}}