{"id":1152,"date":"2025-03-13T20:56:32","date_gmt":"2025-03-13T20:56:32","guid":{"rendered":"https:\/\/dgvm.ch\/blog\/"},"modified":"2025-03-30T21:24:48","modified_gmt":"2025-03-30T21:24:48","slug":"blog","status":"publish","type":"page","link":"https:\/\/dgvm.ch\/fr\/blog\/","title":{"rendered":"Blog"},"content":{"rendered":"\t\t<div data-elementor-type=\"wp-page\" data-elementor-id=\"1152\" class=\"elementor elementor-1152 elementor-116\" data-elementor-post-type=\"page\">\n\t\t\t\t<div class=\"elementor-element elementor-element-228c6ea0 e-flex e-con-boxed e-con e-parent\" data-id=\"228c6ea0\" data-element_type=\"container\" data-e-type=\"container\" data-settings=\"{&quot;background_background&quot;:&quot;classic&quot;}\">\n\t\t\t\t\t<div class=\"e-con-inner\">\n\t\t\t\t<div class=\"elementor-element elementor-element-5960850f elementor-widget elementor-widget-spacer\" data-id=\"5960850f\" data-element_type=\"widget\" data-e-type=\"widget\" data-widget_type=\"spacer.default\">\n\t\t\t\t<div class=\"elementor-widget-container\">\n\t\t\t\t\t\t\t<div class=\"elementor-spacer\">\n\t\t\t<div class=\"elementor-spacer-inner\"><\/div>\n\t\t<\/div>\n\t\t\t\t\t\t<\/div>\n\t\t\t\t<\/div>\n\t\t\t\t<div class=\"elementor-element elementor-element-3cba2a55 elementor-widget elementor-widget-heading\" data-id=\"3cba2a55\" data-element_type=\"widget\" data-e-type=\"widget\" data-widget_type=\"heading.default\">\n\t\t\t\t<div class=\"elementor-widget-container\">\n\t\t\t\t\t<h2 class=\"elementor-heading-title elementor-size-default\">Blog<\/h2>\t\t\t\t<\/div>\n\t\t\t\t<\/div>\n\t\t\t\t<div class=\"elementor-element elementor-element-504934ab elementor-widget elementor-widget-spacer\" data-id=\"504934ab\" data-element_type=\"widget\" data-e-type=\"widget\" data-widget_type=\"spacer.default\">\n\t\t\t\t<div class=\"elementor-widget-container\">\n\t\t\t\t\t\t\t<div class=\"elementor-spacer\">\n\t\t\t<div class=\"elementor-spacer-inner\"><\/div>\n\t\t<\/div>\n\t\t\t\t\t\t<\/div>\n\t\t\t\t<\/div>\n\t\t\t\t\t<\/div>\n\t\t\t\t<\/div>\n\t\t<div class=\"elementor-element elementor-element-62529ade e-flex e-con-boxed e-con e-parent\" data-id=\"62529ade\" data-element_type=\"container\" data-e-type=\"container\">\n\t\t\t\t\t<div class=\"e-con-inner\">\n\t\t\t\t<div class=\"elementor-element elementor-element-2fc45aec elementor-widget elementor-widget-heading\" data-id=\"2fc45aec\" data-element_type=\"widget\" data-e-type=\"widget\" data-widget_type=\"heading.default\">\n\t\t\t\t<div class=\"elementor-widget-container\">\n\t\t\t\t\t<h2 class=\"elementor-heading-title elementor-size-default\">Mises \u00e0 jour du droit suisse<br>et plus encore<\/h2>\t\t\t\t<\/div>\n\t\t\t\t<\/div>\n\t\t\t\t\t<\/div>\n\t\t\t\t<\/div>\n\t\t<div class=\"elementor-element elementor-element-3fd892dd e-flex e-con-boxed e-con e-parent\" data-id=\"3fd892dd\" data-element_type=\"container\" data-e-type=\"container\">\n\t\t\t\t\t<div class=\"e-con-inner\">\n\t\t\t\t<div class=\"elementor-element elementor-element-7efa8e0e elementor-grid-2 elementor-grid-tablet-1 elementor-grid-mobile-1 elementor-posts--thumbnail-top elementor-widget elementor-widget-posts\" data-id=\"7efa8e0e\" data-element_type=\"widget\" data-e-type=\"widget\" data-settings=\"{&quot;classic_columns&quot;:&quot;2&quot;,&quot;classic_columns_tablet&quot;:&quot;1&quot;,&quot;pagination_type&quot;:&quot;load_more_infinite_scroll&quot;,&quot;classic_columns_mobile&quot;:&quot;1&quot;,&quot;classic_row_gap&quot;:{&quot;unit&quot;:&quot;px&quot;,&quot;size&quot;:35,&quot;sizes&quot;:[]},&quot;classic_row_gap_tablet&quot;:{&quot;unit&quot;:&quot;px&quot;,&quot;size&quot;:&quot;&quot;,&quot;sizes&quot;:[]},&quot;classic_row_gap_mobile&quot;:{&quot;unit&quot;:&quot;px&quot;,&quot;size&quot;:&quot;&quot;,&quot;sizes&quot;:[]},&quot;load_more_spinner&quot;:{&quot;value&quot;:&quot;fas fa-spinner&quot;,&quot;library&quot;:&quot;fa-solid&quot;}}\" data-widget_type=\"posts.classic\">\n\t\t\t\t<div class=\"elementor-widget-container\">\n\t\t\t\t\t\t\t<div class=\"elementor-posts-container elementor-posts elementor-posts--skin-classic elementor-grid\" role=\"list\">\n\t\t\t\t<article class=\"elementor-post elementor-grid-item post-1279 post type-post status-publish format-standard has-post-thumbnail hentry category-general\" role=\"listitem\">\n\t\t\t\t<a class=\"elementor-post__thumbnail__link\" href=\"https:\/\/dgvm.ch\/fr\/2024\/08\/19\/enregistrement-dune-societe-en-suisse\/\" tabindex=\"-1\">\n\t\t\t<div class=\"elementor-post__thumbnail\"><img fetchpriority=\"high\" decoding=\"async\" width=\"300\" height=\"240\" src=\"https:\/\/dgvm.ch\/wp-content\/uploads\/2020\/07\/2bb0e378-blog-3-300x240.jpg\" class=\"attachment-medium size-medium wp-image-719\" alt=\"\" srcset=\"https:\/\/dgvm.ch\/wp-content\/uploads\/2020\/07\/2bb0e378-blog-3-300x240.jpg 300w, https:\/\/dgvm.ch\/wp-content\/uploads\/2020\/07\/2bb0e378-blog-3.jpg 350w\" sizes=\"(max-width: 300px) 100vw, 300px\" \/><\/div>\n\t\t<\/a>\n\t\t\t\t<div class=\"elementor-post__text\">\n\t\t\t\t<h3 class=\"elementor-post__title\">\n\t\t\t<a href=\"https:\/\/dgvm.ch\/fr\/2024\/08\/19\/enregistrement-dune-societe-en-suisse\/\">\n\t\t\t\tEnregistrement d&rsquo;une soci\u00e9t\u00e9 en Suisse\t\t\t<\/a>\n\t\t<\/h3>\n\t\t\t\t<div class=\"elementor-post__meta-data\">\n\t\t\t\t\t<span class=\"elementor-post-date\">\n\t\t\tao\u00fbt 19, 2024\t\t<\/span>\n\t\t\t\t<span class=\"elementor-post-avatar\">\n\t\t\tAucun commentaire\t\t<\/span>\n\t\t\t\t<\/div>\n\t\t\t\t<div class=\"elementor-post__excerpt\">\n\t\t\t<p>D\u00e9couvrez les diverses structures d&rsquo;entreprise disponibles en Suisse, notamment les Soci\u00e9t\u00e9s Anonymes (SA), les Soci\u00e9t\u00e9s \u00e0 Responsabilit\u00e9 Limit\u00e9e (S\u00e0rl), les Soci\u00e9t\u00e9s en Nom Collectif, et<\/p>\n\t\t<\/div>\n\t\t\n\t\t<a class=\"elementor-post__read-more\" href=\"https:\/\/dgvm.ch\/fr\/2024\/08\/19\/enregistrement-dune-societe-en-suisse\/\" aria-label=\"En savoir plus sur Enregistrement d&rsquo;une soci\u00e9t\u00e9 en Suisse\" tabindex=\"-1\">\n\t\t\tLire la suite \u00bb\t\t<\/a>\n\n\t\t\t\t<\/div>\n\t\t\t\t<\/article>\n\t\t\t\t<article class=\"elementor-post elementor-grid-item post-1203 post type-post status-publish format-standard has-post-thumbnail hentry category-general tag-agents-conversationnels-ia tag-algorithmes-predictifs-pour-la-prevision tag-analyse-de-donnees tag-analyse-de-donnees-non-structurees-avec-lapprentissage-automatique tag-analyse-de-sentiment-utilisant-le-tln-et-lapprentissage-automatique tag-analyse-des-tendances-du-marche-avec-lanalytique-predictive tag-analytique-en-temps-reel-pour-la-prise-de-decision tag-analytique-predictive tag-apprentissage-automatique tag-apprentissage-profond tag-assistants-virtuels-dans-les-operations-daffaires tag-automatisation tag-automatisation-intelligente tag-automatisation-par-ia tag-automatisation-robotisee-des-processus-rpa tag-avantage-concurrentiel-grace-aux-strategies-pilotees-par-lia tag-avenir-du-travail tag-croissance-de-lentreprise tag-cybersecurite tag-data-guard tag-data-guard-fr tag-decisions-basees-sur-les-donnees tag-efficacite-operationnelle tag-engagement-client tag-ethique-de-lia tag-experience-client tag-gestion-des-risques tag-gestion-intelligente-des-operations-avec-lautomatisation tag-gouvernance-de-lia-et-considerations-ethiques tag-ia tag-ia-dentreprise tag-ia-explicable tag-ia-generative tag-ia-pour-les-petites-et-moyennes-entreprises-pme tag-innovation-avec-lia tag-innovation-et-transformation-numerique tag-innovation-pilotee-par-lia tag-insights-generes-par-lia tag-integration-du-cloud-computing-avec-les-outils-dia tag-integrite-des-donnees tag-intelligence-artificielle tag-intelligence-daffaires tag-interfaces-dinteraction-homme-machine tag-lia-dans-la-finance-et-la-banque tag-lia-dans-les-affaires tag-lia-dans-les-campagnes-marketing tag-maintenance-predictive tag-marketing-personnalise tag-modeles-de-tarification-dynamique-avec-des-insights-pilotes-par-lia tag-optimisation-de-la-chaine-dapprovisionnement tag-optimisation-des-processus tag-optimisation-des-processus-daffaires tag-optimisation-du-commerce-electronique-avec-lia tag-outils-defficacite-operationnelle tag-outils-dia tag-outils-dintelligence-daffaires-pour-des-insights-bases-sur-les-donnees tag-personnalisation-pilotee-par-lia tag-planification-de-la-continuite-des-activites-avec-lia tag-pratiques-daffaires-durables tag-prise-de-decision tag-programmes-de-fidelisation-client-alimentes-par-lanalyse-ia tag-protection-des-donnees tag-realite-virtuelle-et-realite-augmentee-dans-les-applications-daffaires tag-recommandations-de-produits-personnalisees-avec-lia tag-replication-de-donnees-en-temps-reel tag-reseaux-neuronaux tag-retour-sur-investissement-de-limplementation-de-solutions-dintelligence-artificielle tag-robotique tag-science-des-donnees-dans-les-applications-daffaires tag-solutions-dia tag-solutions-de-reprise-apres-sinistre-avec-data-guard tag-solutions-de-securite-des-donnees tag-solutions-numeriques tag-strategie-dia tag-strategies-dattenuation-des-risques-alimentees-par-lapprentissage-automatique tag-systemes-de-detection-de-fraude tag-technologie-dagent-conversationnel-pour-le-support-client tag-technologie-dia tag-technologie-intelligente tag-traitement-des-megadonnees-avec-lia tag-traitement-du-langage-naturel-tln tag-transformation-numerique\" role=\"listitem\">\n\t\t\t\t<a class=\"elementor-post__thumbnail__link\" href=\"https:\/\/dgvm.ch\/fr\/2024\/11\/09\/la-puissance-de-lia-dans-les-affaires-en-2024-ameliorez-vos-connaissances-lisez-maintenant\/\" tabindex=\"-1\">\n\t\t\t<div class=\"elementor-post__thumbnail\"><img decoding=\"async\" width=\"300\" height=\"200\" src=\"https:\/\/dgvm.ch\/wp-content\/uploads\/2024\/11\/Untitled-4-300x200.jpg\" class=\"attachment-medium size-medium wp-image-1063\" alt=\"\" srcset=\"https:\/\/dgvm.ch\/wp-content\/uploads\/2024\/11\/Untitled-4-300x200.jpg 300w, https:\/\/dgvm.ch\/wp-content\/uploads\/2024\/11\/Untitled-4-1024x684.jpg 1024w, https:\/\/dgvm.ch\/wp-content\/uploads\/2024\/11\/Untitled-4-768x513.jpg 768w, https:\/\/dgvm.ch\/wp-content\/uploads\/2024\/11\/Untitled-4.jpg 1123w\" sizes=\"(max-width: 300px) 100vw, 300px\" \/><\/div>\n\t\t<\/a>\n\t\t\t\t<div class=\"elementor-post__text\">\n\t\t\t\t<h3 class=\"elementor-post__title\">\n\t\t\t<a href=\"https:\/\/dgvm.ch\/fr\/2024\/11\/09\/la-puissance-de-lia-dans-les-affaires-en-2024-ameliorez-vos-connaissances-lisez-maintenant\/\">\n\t\t\t\tLa Puissance de l&rsquo;IA dans les Affaires en 2024 &#8211; Am\u00e9liorez vos connaissances &#8211; LISEZ MAINTENANT\t\t\t<\/a>\n\t\t<\/h3>\n\t\t\t\t<div class=\"elementor-post__meta-data\">\n\t\t\t\t\t<span class=\"elementor-post-date\">\n\t\t\tnovembre 9, 2024\t\t<\/span>\n\t\t\t\t<span class=\"elementor-post-avatar\">\n\t\t\tAucun commentaire\t\t<\/span>\n\t\t\t\t<\/div>\n\t\t\t\t<div class=\"elementor-post__excerpt\">\n\t\t\t<p>L&rsquo;IA dans les Affaires peut \u00eatre exigeante, l&rsquo;IA est sur un bureau dans le bureau avec une femme en arri\u00e8re-plan. L&rsquo;image devrait \u00eatre un symbole<\/p>\n\t\t<\/div>\n\t\t\n\t\t<a class=\"elementor-post__read-more\" href=\"https:\/\/dgvm.ch\/fr\/2024\/11\/09\/la-puissance-de-lia-dans-les-affaires-en-2024-ameliorez-vos-connaissances-lisez-maintenant\/\" aria-label=\"En savoir plus sur La Puissance de l&rsquo;IA dans les Affaires en 2024 &#8211; Am\u00e9liorez vos connaissances &#8211; LISEZ MAINTENANT\" tabindex=\"-1\">\n\t\t\tLire la suite \u00bb\t\t<\/a>\n\n\t\t\t\t<\/div>\n\t\t\t\t<\/article>\n\t\t\t\t<article class=\"elementor-post elementor-grid-item post-1101 post type-post status-publish format-standard has-post-thumbnail hentry category-general category-rgpd\" role=\"listitem\">\n\t\t\t\t<a class=\"elementor-post__thumbnail__link\" href=\"https:\/\/dgvm.ch\/fr\/2024\/12\/15\/naviguer-dans-la-conformite-au-rgpd-un-guide-complet-pour-les-entreprises\/\" tabindex=\"-1\">\n\t\t\t<div class=\"elementor-post__thumbnail\"><img decoding=\"async\" width=\"300\" height=\"169\" src=\"https:\/\/dgvm.ch\/wp-content\/uploads\/2024\/12\/Yellow-8-Stage-GDPR-Diagram-Infographic-Brainstorm-300x169.jpg\" class=\"attachment-medium size-medium wp-image-1089\" alt=\"GDPR Compliance the 8 stages\" srcset=\"https:\/\/dgvm.ch\/wp-content\/uploads\/2024\/12\/Yellow-8-Stage-GDPR-Diagram-Infographic-Brainstorm-300x169.jpg 300w, https:\/\/dgvm.ch\/wp-content\/uploads\/2024\/12\/Yellow-8-Stage-GDPR-Diagram-Infographic-Brainstorm-1024x576.jpg 1024w, https:\/\/dgvm.ch\/wp-content\/uploads\/2024\/12\/Yellow-8-Stage-GDPR-Diagram-Infographic-Brainstorm-768x432.jpg 768w, https:\/\/dgvm.ch\/wp-content\/uploads\/2024\/12\/Yellow-8-Stage-GDPR-Diagram-Infographic-Brainstorm-1536x864.jpg 1536w, https:\/\/dgvm.ch\/wp-content\/uploads\/2024\/12\/Yellow-8-Stage-GDPR-Diagram-Infographic-Brainstorm.jpg 1920w\" sizes=\"(max-width: 300px) 100vw, 300px\" \/><\/div>\n\t\t<\/a>\n\t\t\t\t<div class=\"elementor-post__text\">\n\t\t\t\t<h3 class=\"elementor-post__title\">\n\t\t\t<a href=\"https:\/\/dgvm.ch\/fr\/2024\/12\/15\/naviguer-dans-la-conformite-au-rgpd-un-guide-complet-pour-les-entreprises\/\">\n\t\t\t\tNaviguer dans la Conformit\u00e9 au RGPD : Un Guide Complet pour les Entreprises\t\t\t<\/a>\n\t\t<\/h3>\n\t\t\t\t<div class=\"elementor-post__meta-data\">\n\t\t\t\t\t<span class=\"elementor-post-date\">\n\t\t\td\u00e9cembre 15, 2024\t\t<\/span>\n\t\t\t\t<span class=\"elementor-post-avatar\">\n\t\t\tAucun commentaire\t\t<\/span>\n\t\t\t\t<\/div>\n\t\t\t\t<div class=\"elementor-post__excerpt\">\n\t\t\t<p>Le R\u00e8glement G\u00e9n\u00e9ral sur la Protection des Donn\u00e9es (RGPD) a \u00e9tabli une nouvelle norme pour la protection des donn\u00e9es et la confidentialit\u00e9 \u00e0 l&rsquo;\u00e9chelle mondiale.<\/p>\n\t\t<\/div>\n\t\t\n\t\t<a class=\"elementor-post__read-more\" href=\"https:\/\/dgvm.ch\/fr\/2024\/12\/15\/naviguer-dans-la-conformite-au-rgpd-un-guide-complet-pour-les-entreprises\/\" aria-label=\"En savoir plus sur Naviguer dans la Conformit\u00e9 au RGPD : Un Guide Complet pour les Entreprises\" tabindex=\"-1\">\n\t\t\tLire la suite \u00bb\t\t<\/a>\n\n\t\t\t\t<\/div>\n\t\t\t\t<\/article>\n\t\t\t\t<\/div>\n\t\t\t\t\t<span class=\"e-load-more-spinner\">\n\t\t\t\t<svg aria-hidden=\"true\" class=\"e-font-icon-svg e-fas-spinner\" viewBox=\"0 0 512 512\" xmlns=\"http:\/\/www.w3.org\/2000\/svg\"><path d=\"M304 48c0 26.51-21.49 48-48 48s-48-21.49-48-48 21.49-48 48-48 48 21.49 48 48zm-48 368c-26.51 0-48 21.49-48 48s21.49 48 48 48 48-21.49 48-48-21.49-48-48-48zm208-208c-26.51 0-48 21.49-48 48s21.49 48 48 48 48-21.49 48-48-21.49-48-48-48zM96 256c0-26.51-21.49-48-48-48S0 229.49 0 256s21.49 48 48 48 48-21.49 48-48zm12.922 99.078c-26.51 0-48 21.49-48 48s21.49 48 48 48 48-21.49 48-48c0-26.509-21.491-48-48-48zm294.156 0c-26.51 0-48 21.49-48 48s21.49 48 48 48 48-21.49 48-48c0-26.509-21.49-48-48-48zM108.922 60.922c-26.51 0-48 21.49-48 48s21.49 48 48 48 48-21.49 48-48-21.491-48-48-48z\"><\/path><\/svg>\t\t\t<\/span>\n\t\t\n\t\t\t\t\t\t<\/div>\n\t\t\t\t<\/div>\n\t\t\t\t\t<\/div>\n\t\t\t\t<\/div>\n\t\t<div class=\"elementor-element elementor-element-2697d127 e-flex e-con-boxed e-con e-parent\" data-id=\"2697d127\" data-element_type=\"container\" data-e-type=\"container\">\n\t\t\t\t\t<div class=\"e-con-inner\">\n\t\t\t\t<div class=\"elementor-element elementor-element-2b880c2f elementor-widget-divider--view-line elementor-widget elementor-widget-divider\" data-id=\"2b880c2f\" data-element_type=\"widget\" data-e-type=\"widget\" data-widget_type=\"divider.default\">\n\t\t\t\t<div class=\"elementor-widget-container\">\n\t\t\t\t\t\t\t<div class=\"elementor-divider\">\n\t\t\t<span class=\"elementor-divider-separator\">\n\t\t\t\t\t\t<\/span>\n\t\t<\/div>\n\t\t\t\t\t\t<\/div>\n\t\t\t\t<\/div>\n\t\t\t\t\t<\/div>\n\t\t\t\t<\/div>\n\t\t\t\t<\/div>\n\t\t","protected":false},"excerpt":{"rendered":"<p>Blog Mises \u00e0 jour du droit suisseet plus encore<\/p>\n","protected":false},"author":1,"featured_media":0,"parent":0,"menu_order":0,"comment_status":"closed","ping_status":"closed","template":"","meta":{"footnotes":""},"class_list":["post-1152","page","type-page","status-publish","hentry"],"_links":{"self":[{"href":"https:\/\/dgvm.ch\/fr\/wp-json\/wp\/v2\/pages\/1152","targetHints":{"allow":["GET"]}}],"collection":[{"href":"https:\/\/dgvm.ch\/fr\/wp-json\/wp\/v2\/pages"}],"about":[{"href":"https:\/\/dgvm.ch\/fr\/wp-json\/wp\/v2\/types\/page"}],"author":[{"embeddable":true,"href":"https:\/\/dgvm.ch\/fr\/wp-json\/wp\/v2\/users\/1"}],"replies":[{"embeddable":true,"href":"https:\/\/dgvm.ch\/fr\/wp-json\/wp\/v2\/comments?post=1152"}],"version-history":[{"count":1,"href":"https:\/\/dgvm.ch\/fr\/wp-json\/wp\/v2\/pages\/1152\/revisions"}],"predecessor-version":[{"id":1153,"href":"https:\/\/dgvm.ch\/fr\/wp-json\/wp\/v2\/pages\/1152\/revisions\/1153"}],"wp:attachment":[{"href":"https:\/\/dgvm.ch\/fr\/wp-json\/wp\/v2\/media?parent=1152"}],"curies":[{"name":"wp","href":"https:\/\/api.w.org\/{rel}","templated":true}]}}